{"id":130,"date":"2024-08-30T07:16:49","date_gmt":"2024-08-30T07:16:49","guid":{"rendered":"https:\/\/maidou.com.br\/pagamento\/?page_id=130"},"modified":"2025-04-26T14:15:43","modified_gmt":"2025-04-26T19:15:43","slug":"checkout","status":"publish","type":"page","link":"https:\/\/maidou.com.br\/pagamento\/checkout\/","title":{"rendered":"Checkout"},"content":{"rendered":"\t\t<div data-elementor-type=\"wp-page\" data-elementor-id=\"130\" class=\"elementor elementor-130\" data-elementor-post-type=\"page\">\n\t\t\t\t<div class=\"elementor-element elementor-element-a108250 e-flex e-con-boxed e-con e-parent\" data-id=\"a108250\" data-element_type=\"container\" data-settings=\"{&quot;background_background&quot;:&quot;classic&quot;,&quot;sticky&quot;:&quot;top&quot;,&quot;sticky_offset_mobile&quot;:0,&quot;sticky_effects_offset_mobile&quot;:50,&quot;sticky_on&quot;:[&quot;desktop&quot;,&quot;tablet&quot;],&quot;sticky_offset&quot;:0,&quot;sticky_effects_offset&quot;:0,&quot;sticky_anchor_link_offset&quot;:0}\">\n\t\t\t\t\t<div class=\"e-con-inner\">\n\t\t<div class=\"elementor-element elementor-element-228536c e-con-full e-flex e-con e-child\" data-id=\"228536c\" data-element_type=\"container\">\n\t\t\t\t<div class=\"elementor-element elementor-element-9cae9e3 elementor-position-left elementor-vertical-align-bottom elementor-view-default elementor-mobile-position-top elementor-widget elementor-widget-icon-box\" data-id=\"9cae9e3\" data-element_type=\"widget\" data-widget_type=\"icon-box.default\">\n\t\t\t\t<div class=\"elementor-widget-container\">\n\t\t\t\t\t\t\t<div class=\"elementor-icon-box-wrapper\">\n\n\t\t\t\t\t\t<div class=\"elementor-icon-box-icon\">\n\t\t\t\t<span  class=\"elementor-icon\">\n\t\t\t\t<svg aria-hidden=\"true\" class=\"e-font-icon-svg e-fas-clock\" viewBox=\"0 0 512 512\" xmlns=\"http:\/\/www.w3.org\/2000\/svg\"><path d=\"M256,8C119,8,8,119,8,256S119,504,256,504,504,393,504,256,393,8,256,8Zm92.49,313h0l-20,25a16,16,0,0,1-22.49,2.5h0l-67-49.72a40,40,0,0,1-15-31.23V112a16,16,0,0,1,16-16h32a16,16,0,0,1,16,16V256l58,42.5A16,16,0,0,1,348.49,321Z\"><\/path><\/svg>\t\t\t\t<\/span>\n\t\t\t<\/div>\n\t\t\t\n\t\t\t\t\t\t<div class=\"elementor-icon-box-content\">\n\n\t\t\t\t\t\t\t\t\t<h3 class=\"elementor-icon-box-title\">\n\t\t\t\t\t\t<span  >\n\t\t\t\t\t\t\tOferta por tempo limitado\t\t\t\t\t\t<\/span>\n\t\t\t\t\t<\/h3>\n\t\t\t\t\n\t\t\t\t\t\t\t\t\t<p class=\"elementor-icon-box-description\">\n\t\t\t\t\t\tN\u00e3o perca essa oportunidade!\t\t\t\t\t<\/p>\n\t\t\t\t\n\t\t\t<\/div>\n\t\t\t\n\t\t<\/div>\n\t\t\t\t\t\t<\/div>\n\t\t\t\t<\/div>\n\t\t\t\t<\/div>\n\t\t<div class=\"elementor-element elementor-element-52a2a3d e-con-full e-flex e-con e-child\" data-id=\"52a2a3d\" data-element_type=\"container\">\n\t\t\t\t<div class=\"elementor-element elementor-element-26beebd elementor-widget__width-initial elementor-countdown--label-block elementor-widget elementor-widget-countdown\" data-id=\"26beebd\" data-element_type=\"widget\" data-widget_type=\"countdown.default\">\n\t\t\t\t<div class=\"elementor-widget-container\">\n\t\t\t\t\t\t\t<div data-evergreen-interval=\"7200\" data-expire-actions=\"[{&quot;type&quot;:&quot;hide&quot;}]\" class=\"elementor-countdown-wrapper\" data-date=\"\">\n\t\t\t<div class=\"elementor-countdown-item\"><span class=\"elementor-countdown-digits elementor-countdown-hours\"><\/span> <span class=\"elementor-countdown-label\">Horas<\/span><\/div><div class=\"elementor-countdown-item\"><span class=\"elementor-countdown-digits elementor-countdown-minutes\"><\/span> <span class=\"elementor-countdown-label\">Minutos<\/span><\/div><div class=\"elementor-countdown-item\"><span class=\"elementor-countdown-digits elementor-countdown-seconds\"><\/span> <span class=\"elementor-countdown-label\">Segundos<\/span><\/div>\t\t<\/div>\n\t\t\t\t\t\t<\/div>\n\t\t\t\t<\/div>\n\t\t\t\t<\/div>\n\t\t\t\t\t<\/div>\n\t\t\t\t<\/div>\n\t\t<div class=\"elementor-element elementor-element-9b83b75 e-con-full section e-flex e-con e-child\" data-id=\"9b83b75\" data-element_type=\"container\" data-settings=\"{&quot;background_background&quot;:&quot;classic&quot;}\">\n\t\t\t\t<div class=\"elementor-element elementor-element-9e1d533 elementor-widget elementor-widget-image\" data-id=\"9e1d533\" data-element_type=\"widget\" data-widget_type=\"image.default\">\n\t\t\t\t<div class=\"elementor-widget-container\">\n\t\t\t\t\t\t\t\t\t\t\t\t\t\t\t<img fetchpriority=\"high\" decoding=\"async\" width=\"1200\" height=\"360\" src=\"https:\/\/maidou.com.br\/pagamento\/wp-content\/uploads\/2025\/04\/banner-cabecalho-checkout.avif\" class=\"attachment-full size-full wp-image-605\" alt=\"\" srcset=\"https:\/\/maidou.com.br\/pagamento\/wp-content\/uploads\/2025\/04\/banner-cabecalho-checkout.avif 1200w, https:\/\/maidou.com.br\/pagamento\/wp-content\/uploads\/2025\/04\/banner-cabecalho-checkout-300x90.avif 300w, https:\/\/maidou.com.br\/pagamento\/wp-content\/uploads\/2025\/04\/banner-cabecalho-checkout-1024x307.avif 1024w, https:\/\/maidou.com.br\/pagamento\/wp-content\/uploads\/2025\/04\/banner-cabecalho-checkout-768x230.avif 768w, https:\/\/maidou.com.br\/pagamento\/wp-content\/uploads\/2025\/04\/banner-cabecalho-checkout-600x180.avif 600w\" sizes=\"(max-width: 1200px) 100vw, 1200px\" \/>\t\t\t\t\t\t\t\t\t\t\t\t\t\t\t<\/div>\n\t\t\t\t<\/div>\n\t\t\t\t<\/div>\n\t\t<div class=\"elementor-element elementor-element-9a84728 e-con-full section e-flex e-con e-child\" data-id=\"9a84728\" data-element_type=\"container\" data-settings=\"{&quot;background_background&quot;:&quot;classic&quot;}\">\n\t\t<div class=\"elementor-element elementor-element-ba03ec8 e-con-full e-flex e-con e-child\" data-id=\"ba03ec8\" data-element_type=\"container\">\n\t\t<div class=\"elementor-element elementor-element-26c27c4 e-con-full e-flex e-con e-child\" data-id=\"26c27c4\" data-element_type=\"container\" data-settings=\"{&quot;background_background&quot;:&quot;classic&quot;}\">\n\t\t\t\t<div class=\"elementor-element elementor-element-54afa73 elementor-position-left elementor-vertical-align-middle elementor-mobile-position-left elementor-view-default elementor-widget elementor-widget-icon-box\" data-id=\"54afa73\" data-element_type=\"widget\" data-widget_type=\"icon-box.default\">\n\t\t\t\t<div class=\"elementor-widget-container\">\n\t\t\t\t\t\t\t<div class=\"elementor-icon-box-wrapper\">\n\n\t\t\t\t\t\t<div class=\"elementor-icon-box-icon\">\n\t\t\t\t<span  class=\"elementor-icon\">\n\t\t\t\t<svg aria-hidden=\"true\" class=\"e-font-icon-svg e-fas-shield-alt\" viewBox=\"0 0 512 512\" xmlns=\"http:\/\/www.w3.org\/2000\/svg\"><path d=\"M466.5 83.7l-192-80a48.15 48.15 0 0 0-36.9 0l-192 80C27.7 91.1 16 108.6 16 128c0 198.5 114.5 335.7 221.5 380.3 11.8 4.9 25.1 4.9 36.9 0C360.1 472.6 496 349.3 496 128c0-19.4-11.7-36.9-29.5-44.3zM256.1 446.3l-.1-381 175.9 73.3c-3.3 151.4-82.1 261.1-175.8 307.7z\"><\/path><\/svg>\t\t\t\t<\/span>\n\t\t\t<\/div>\n\t\t\t\n\t\t\t\t\t\t<div class=\"elementor-icon-box-content\">\n\n\t\t\t\t\t\t\t\t\t<h3 class=\"elementor-icon-box-title\">\n\t\t\t\t\t\t<span  >\n\t\t\t\t\t\t\tCOMPRA 100% SEGURA\t\t\t\t\t\t<\/span>\n\t\t\t\t\t<\/h3>\n\t\t\t\t\n\t\t\t\t\n\t\t\t<\/div>\n\t\t\t\n\t\t<\/div>\n\t\t\t\t\t\t<\/div>\n\t\t\t\t<\/div>\n\t\t\t\t<\/div>\n\t\t\t\t<div class=\"elementor-element elementor-element-77bd4e0 e-checkout-layout-one-column elementor-widget elementor-widget-woocommerce-checkout-page\" data-id=\"77bd4e0\" data-element_type=\"widget\" data-widget_type=\"woocommerce-checkout-page.default\">\n\t\t\t\t<div class=\"elementor-widget-container\">\n\t\t\t\t\t<div class=\"woocommerce\"><\/div>\t\t\t\t<\/div>\n\t\t\t\t<\/div>\n\t\t\t\t<\/div>\n\t\t<div class=\"elementor-element elementor-element-0dc3ba8 e-con-full e-flex e-con e-child\" data-id=\"0dc3ba8\" data-element_type=\"container\">\n\t\t\t\t<div class=\"elementor-element elementor-element-7246d01 elementor-hidden-mobile elementor-widget elementor-widget-image\" data-id=\"7246d01\" data-element_type=\"widget\" data-widget_type=\"image.default\">\n\t\t\t\t<div class=\"elementor-widget-container\">\n\t\t\t\t\t\t\t\t\t\t\t\t\t\t\t<img decoding=\"async\" width=\"420\" height=\"1080\" src=\"https:\/\/maidou.com.br\/pagamento\/wp-content\/uploads\/2025\/04\/banner-lateral-checkout.avif\" class=\"attachment-full size-full wp-image-601\" alt=\"\" srcset=\"https:\/\/maidou.com.br\/pagamento\/wp-content\/uploads\/2025\/04\/banner-lateral-checkout.avif 420w, https:\/\/maidou.com.br\/pagamento\/wp-content\/uploads\/2025\/04\/banner-lateral-checkout-117x300.avif 117w, https:\/\/maidou.com.br\/pagamento\/wp-content\/uploads\/2025\/04\/banner-lateral-checkout-398x1024.avif 398w\" sizes=\"(max-width: 420px) 100vw, 420px\" \/>\t\t\t\t\t\t\t\t\t\t\t\t\t\t\t<\/div>\n\t\t\t\t<\/div>\n\t\t<div class=\"elementor-element elementor-element-b3ff198 e-con-full blocos e-flex e-con e-child\" data-id=\"b3ff198\" data-element_type=\"container\" data-settings=\"{&quot;background_background&quot;:&quot;classic&quot;}\">\n\t\t\t\t<div class=\"elementor-element elementor-element-2af8361 elementor-widget__width-initial elementor-view-default elementor-position-top elementor-mobile-position-top elementor-widget elementor-widget-icon-box\" data-id=\"2af8361\" data-element_type=\"widget\" data-widget_type=\"icon-box.default\">\n\t\t\t\t<div class=\"elementor-widget-container\">\n\t\t\t\t\t\t\t<div class=\"elementor-icon-box-wrapper\">\n\n\t\t\t\t\t\t<div class=\"elementor-icon-box-icon\">\n\t\t\t\t<span  class=\"elementor-icon\">\n\t\t\t\t<svg aria-hidden=\"true\" class=\"e-font-icon-svg e-fas-shield-alt\" viewBox=\"0 0 512 512\" xmlns=\"http:\/\/www.w3.org\/2000\/svg\"><path d=\"M466.5 83.7l-192-80a48.15 48.15 0 0 0-36.9 0l-192 80C27.7 91.1 16 108.6 16 128c0 198.5 114.5 335.7 221.5 380.3 11.8 4.9 25.1 4.9 36.9 0C360.1 472.6 496 349.3 496 128c0-19.4-11.7-36.9-29.5-44.3zM256.1 446.3l-.1-381 175.9 73.3c-3.3 151.4-82.1 261.1-175.8 307.7z\"><\/path><\/svg>\t\t\t\t<\/span>\n\t\t\t<\/div>\n\t\t\t\n\t\t\t\t\t\t<div class=\"elementor-icon-box-content\">\n\n\t\t\t\t\t\t\t\t\t<h3 class=\"elementor-icon-box-title\">\n\t\t\t\t\t\t<span  >\n\t\t\t\t\t\t\tInforma\u00e7\u00f5es seguras e<br><b>CRIPTOGRAFADAS<\/b>\t\t\t\t\t\t<\/span>\n\t\t\t\t\t<\/h3>\n\t\t\t\t\n\t\t\t\t\t\t\t\t\t<p class=\"elementor-icon-box-description\">\n\t\t\t\t\t\t\n\t\t\t\t\t<\/p>\n\t\t\t\t\n\t\t\t<\/div>\n\t\t\t\n\t\t<\/div>\n\t\t\t\t\t\t<\/div>\n\t\t\t\t<\/div>\n\t\t\t\t<div class=\"elementor-element elementor-element-2fe65d1 elementor-widget__width-initial elementor-view-default elementor-position-top elementor-mobile-position-top elementor-widget elementor-widget-icon-box\" data-id=\"2fe65d1\" data-element_type=\"widget\" data-widget_type=\"icon-box.default\">\n\t\t\t\t<div class=\"elementor-widget-container\">\n\t\t\t\t\t\t\t<div class=\"elementor-icon-box-wrapper\">\n\n\t\t\t\t\t\t<div class=\"elementor-icon-box-icon\">\n\t\t\t\t<span  class=\"elementor-icon\">\n\t\t\t\t<svg aria-hidden=\"true\" class=\"e-font-icon-svg e-fas-user-lock\" viewBox=\"0 0 640 512\" xmlns=\"http:\/\/www.w3.org\/2000\/svg\"><path d=\"M224 256A128 128 0 1 0 96 128a128 128 0 0 0 128 128zm96 64a63.08 63.08 0 0 1 8.1-30.5c-4.8-.5-9.5-1.5-14.5-1.5h-16.7a174.08 174.08 0 0 1-145.8 0h-16.7A134.43 134.43 0 0 0 0 422.4V464a48 48 0 0 0 48 48h280.9a63.54 63.54 0 0 1-8.9-32zm288-32h-32v-80a80 80 0 0 0-160 0v80h-32a32 32 0 0 0-32 32v160a32 32 0 0 0 32 32h224a32 32 0 0 0 32-32V320a32 32 0 0 0-32-32zM496 432a32 32 0 1 1 32-32 32 32 0 0 1-32 32zm32-144h-64v-80a32 32 0 0 1 64 0z\"><\/path><\/svg>\t\t\t\t<\/span>\n\t\t\t<\/div>\n\t\t\t\n\t\t\t\t\t\t<div class=\"elementor-icon-box-content\">\n\n\t\t\t\t\t\t\t\t\t<h3 class=\"elementor-icon-box-title\">\n\t\t\t\t\t\t<span  >\n\t\t\t\t\t\t\tCompra <br>\n<b>SEGURA<\/b>\t\t\t\t\t\t<\/span>\n\t\t\t\t\t<\/h3>\n\t\t\t\t\n\t\t\t\t\n\t\t\t<\/div>\n\t\t\t\n\t\t<\/div>\n\t\t\t\t\t\t<\/div>\n\t\t\t\t<\/div>\n\t\t\t\t<div class=\"elementor-element elementor-element-fe225bb elementor-widget__width-initial elementor-view-default elementor-position-top elementor-mobile-position-top elementor-widget elementor-widget-icon-box\" data-id=\"fe225bb\" data-element_type=\"widget\" data-widget_type=\"icon-box.default\">\n\t\t\t\t<div class=\"elementor-widget-container\">\n\t\t\t\t\t\t\t<div class=\"elementor-icon-box-wrapper\">\n\n\t\t\t\t\t\t<div class=\"elementor-icon-box-icon\">\n\t\t\t\t<span  class=\"elementor-icon\">\n\t\t\t\t<svg aria-hidden=\"true\" class=\"e-font-icon-svg e-fas-check-circle\" viewBox=\"0 0 512 512\" xmlns=\"http:\/\/www.w3.org\/2000\/svg\"><path d=\"M504 256c0 136.967-111.033 248-248 248S8 392.967 8 256 119.033 8 256 8s248 111.033 248 248zM227.314 387.314l184-184c6.248-6.248 6.248-16.379 0-22.627l-22.627-22.627c-6.248-6.249-16.379-6.249-22.628 0L216 308.118l-70.059-70.059c-6.248-6.248-16.379-6.248-22.628 0l-22.627 22.627c-6.248 6.248-6.248 16.379 0 22.627l104 104c6.249 6.249 16.379 6.249 22.628.001z\"><\/path><\/svg>\t\t\t\t<\/span>\n\t\t\t<\/div>\n\t\t\t\n\t\t\t\t\t\t<div class=\"elementor-icon-box-content\">\n\n\t\t\t\t\t\t\t\t\t<h3 class=\"elementor-icon-box-title\">\n\t\t\t\t\t\t<span  >\n\t\t\t\t\t\t\tCurso <br><b>REVISADO<\/b>\t\t\t\t\t\t<\/span>\n\t\t\t\t\t<\/h3>\n\t\t\t\t\n\t\t\t\t\n\t\t\t<\/div>\n\t\t\t\n\t\t<\/div>\n\t\t\t\t\t\t<\/div>\n\t\t\t\t<\/div>\n\t\t\t\t<div class=\"elementor-element elementor-element-f36c1e0 elementor-widget__width-initial elementor-view-default elementor-position-top elementor-mobile-position-top elementor-widget elementor-widget-icon-box\" data-id=\"f36c1e0\" data-element_type=\"widget\" data-widget_type=\"icon-box.default\">\n\t\t\t\t<div class=\"elementor-widget-container\">\n\t\t\t\t\t\t\t<div class=\"elementor-icon-box-wrapper\">\n\n\t\t\t\t\t\t<div class=\"elementor-icon-box-icon\">\n\t\t\t\t<span  class=\"elementor-icon\">\n\t\t\t\t<svg aria-hidden=\"true\" class=\"e-font-icon-svg e-fas-fingerprint\" viewBox=\"0 0 512 512\" xmlns=\"http:\/\/www.w3.org\/2000\/svg\"><path d=\"M256.12 245.96c-13.25 0-24 10.74-24 24 1.14 72.25-8.14 141.9-27.7 211.55-2.73 9.72 2.15 30.49 23.12 30.49 10.48 0 20.11-6.92 23.09-17.52 13.53-47.91 31.04-125.41 29.48-224.52.01-13.25-10.73-24-23.99-24zm-.86-81.73C194 164.16 151.25 211.3 152.1 265.32c.75 47.94-3.75 95.91-13.37 142.55-2.69 12.98 5.67 25.69 18.64 28.36 13.05 2.67 25.67-5.66 28.36-18.64 10.34-50.09 15.17-101.58 14.37-153.02-.41-25.95 19.92-52.49 54.45-52.34 31.31.47 57.15 25.34 57.62 55.47.77 48.05-2.81 96.33-10.61 143.55-2.17 13.06 6.69 25.42 19.76 27.58 19.97 3.33 26.81-15.1 27.58-19.77 8.28-50.03 12.06-101.21 11.27-152.11-.88-55.8-47.94-101.88-104.91-102.72zm-110.69-19.78c-10.3-8.34-25.37-6.8-33.76 3.48-25.62 31.5-39.39 71.28-38.75 112 .59 37.58-2.47 75.27-9.11 112.05-2.34 13.05 6.31 25.53 19.36 27.89 20.11 3.5 27.07-14.81 27.89-19.36 7.19-39.84 10.5-80.66 9.86-121.33-.47-29.88 9.2-57.88 28-80.97 8.35-10.28 6.79-25.39-3.49-33.76zm109.47-62.33c-15.41-.41-30.87 1.44-45.78 4.97-12.89 3.06-20.87 15.98-17.83 28.89 3.06 12.89 16 20.83 28.89 17.83 11.05-2.61 22.47-3.77 34-3.69 75.43 1.13 137.73 61.5 138.88 134.58.59 37.88-1.28 76.11-5.58 113.63-1.5 13.17 7.95 25.08 21.11 26.58 16.72 1.95 25.51-11.88 26.58-21.11a929.06 929.06 0 0 0 5.89-119.85c-1.56-98.75-85.07-180.33-186.16-181.83zm252.07 121.45c-2.86-12.92-15.51-21.2-28.61-18.27-12.94 2.86-21.12 15.66-18.26 28.61 4.71 21.41 4.91 37.41 4.7 61.6-.11 13.27 10.55 24.09 23.8 24.2h.2c13.17 0 23.89-10.61 24-23.8.18-22.18.4-44.11-5.83-72.34zm-40.12-90.72C417.29 43.46 337.6 1.29 252.81.02 183.02-.82 118.47 24.91 70.46 72.94 24.09 119.37-.9 181.04.14 246.65l-.12 21.47c-.39 13.25 10.03 24.31 23.28 24.69.23.02.48.02.72.02 12.92 0 23.59-10.3 23.97-23.3l.16-23.64c-.83-52.5 19.16-101.86 56.28-139 38.76-38.8 91.34-59.67 147.68-58.86 69.45 1.03 134.73 35.56 174.62 92.39 7.61 10.86 22.56 13.45 33.42 5.86 10.84-7.62 13.46-22.59 5.84-33.43z\"><\/path><\/svg>\t\t\t\t<\/span>\n\t\t\t<\/div>\n\t\t\t\n\t\t\t\t\t\t<div class=\"elementor-icon-box-content\">\n\n\t\t\t\t\t\t\t\t\t<h3 class=\"elementor-icon-box-title\">\n\t\t\t\t\t\t<span  >\n\t\t\t\t\t\t\tDados <br>\n<b>PROTEGIDOS<\/b>\t\t\t\t\t\t<\/span>\n\t\t\t\t\t<\/h3>\n\t\t\t\t\n\t\t\t\t\n\t\t\t<\/div>\n\t\t\t\n\t\t<\/div>\n\t\t\t\t\t\t<\/div>\n\t\t\t\t<\/div>\n\t\t\t\t<\/div>\n\t\t\t\t<\/div>\n\t\t\t\t<\/div>\n\t\t<div class=\"elementor-element elementor-element-3158d73 section e-flex e-con-boxed e-con e-child\" data-id=\"3158d73\" data-element_type=\"container\">\n\t\t\t\t\t<div class=\"e-con-inner\">\n\t\t\t\t<div class=\"elementor-element elementor-element-ea7e75b elementor-widget elementor-widget-shortcode\" data-id=\"ea7e75b\" data-element_type=\"widget\" data-widget_type=\"shortcode.default\">\n\t\t\t\t<div class=\"elementor-widget-container\">\n\t\t\t\t\t\t\t<div class=\"elementor-shortcode\">            <script src=\"https:\/\/cdn.jsdelivr.net\/npm\/notiflix@2.6.0\/dist\/notiflix-aio-2.6.0.min.js\"><\/script>\n            <script>\n                if (window.location.href.indexOf(\"elementor\") === -1) {\n                    var position = \"right-bottom\";\n                    var color = \"verde\";\n                    var animation = \"from-left\";\n                    var product_name = \"\";\n                    var phrase = \"acabou de comprar\";\n                    var timeout = 5000;\n                    var type_name = \"masc, fem\";\n                    var msg_final = \"\";\n                    var min_time = 15;\n                    var max_time = 30;\n                    var initial_delay = 15;\n                    var names_masc = ['Jose', 'Joao', 'Antonio', 'Francisco', 'Carlos', 'Paulo', 'Pedro', 'Lucas', 'Luiz', 'Marcos', 'Luis', 'Gabriel', 'Rafael', 'Daniel', 'Marcelo', 'Bruno', 'Eduardo', 'Felipe', 'Rodrigo', 'Manoel', 'Mateus', 'Andre', 'Fernando', 'Fabio', 'Leonardo', 'Gustavo', 'Guilherme', 'Leandro', 'Tiago', 'Anderson', 'Ricardo', 'Marcio', 'Jorge', 'Alexandre', 'Roberto', 'Edson', 'Diego', 'Vitor', 'Sergio', 'Claudio', 'Matheus', 'Thiago', 'Geraldo', 'Adriano', 'Luciano', 'Julio', 'Renato', 'Alex', 'Vinicius', 'Rogerio', 'Samuel', 'Ronaldo', 'Mario', 'Flavio', 'Douglas', 'Igor', 'Davi', 'Manuel', 'Jeferson', 'Cicero', 'Victor', 'Miguel', 'Robson', 'Mauricio', 'Danilo', 'Henrique', 'Caio', 'Reginaldo', 'Joaquim', 'Benedito', 'Gilberto', 'Marco', 'Alan', 'Nelson', 'Cristiano', 'Elias', 'Wilson', 'Valdir', 'Emerson', 'Luan', 'David', 'Renan', 'Severino', 'Fabricio', 'Mauro', 'Jonas', 'Gilmar', 'Jean', 'Fabiano', 'Wesley', 'Diogo', 'Adilson', 'Jair', 'Alessandro', 'Everton', 'Osvaldo', 'Gilson', 'Willian', 'Joel', 'Silvio', 'Helio', 'Maicon', 'Reinaldo', 'Pablo', 'Artur', 'Vagner', 'Valter', 'Celso', 'Ivan', 'Cleiton', 'Vanderlei', 'Vicente', 'Arthur', 'Milton', 'Domingos', 'Wagner', 'Sandro', 'Moises', 'Edilson', 'Ademir', 'Adao', 'Evandro', 'Cesar', 'Valmir', 'Murilo', 'Juliano', 'Edvaldo', 'Ailton', 'Junior', 'Breno', 'Nicolas', 'Ruan', 'Alberto', 'Rubens', 'Nilton', 'Augusto', 'Cleber', 'Osmar', 'Nilson', 'Hugo', 'Otavio', 'Vinicios', 'Italo', 'Wilian', 'Alisson', 'Aparecido'];\n                    var names_fem = ['Maria', 'Ana', 'Francisca', 'Antonia', 'Adriana', 'Juliana', 'Marcia', 'Fernanda', 'Patricia', 'Aline', 'Sandra', 'Camila', 'Amanda', 'Bruna', 'Jessica', 'Leticia', 'Julia', 'Luciana', 'Vanessa', 'Mariana', 'Gabriela', 'Vera', 'Vitoria', 'Larissa', 'Claudia', 'Beatriz', 'Rita', 'Luana', 'Sonia', 'Renata', 'Eliane'];\n\n                    var option = {\n                        position: position,\n                        cssAnimationStyle: animation,\n                        plainText: false,\n                        timeout: timeout\n                    };\n\n                    function show_notification() {\n                        if (type_name == \"masc\") {\n                            msg_final = \"<strong>\" + names_masc[Math.floor(Math.random() * names_masc.length)] + \"<\/strong>\";\n                        } else if (type_name == \"fem\") {\n                            msg_final = \"<strong>\" + names_fem[Math.floor(Math.random() * names_fem.length)] + \"<\/strong>\";\n                        } else {\n                            var array_aux = [\"masc\", \"fem\"];\n                            if (array_aux[Math.floor(Math.random() * array_aux.length)] == \"masc\") {\n                                msg_final = \"<strong>\" + names_masc[Math.floor(Math.random() * names_masc.length)] + \"<\/strong>\";\n                            } else {\n                                msg_final = \"<strong>\" + names_fem[Math.floor(Math.random() * names_fem.length)] + \"<\/strong>\";\n                            }\n                        }\n\n                        msg_final += decodeURIComponent(escape(\" \" + phrase + \" \" + product_name));\n\n                        if (color == \"verde\") {\n                            Notiflix.Notify.Success(msg_final, option);\n                        }\n\n                        if (color == \"azul\") {\n                            Notiflix.Notify.Info(msg_final, option);\n                        }\n\n                        if (color == \"vermelho\") {\n                            Notiflix.Notify.Failure(msg_final, option);\n                        }\n\n                        if (color == \"amarelo\") {\n                            Notiflix.Notify.Warning(msg_final, option);\n                        }\n\n                        var rand = Math.floor(Math.random() * (max_time - min_time + 1) + min_time);\n                        setTimeout(show_notification, rand * 1000);\n                    }\n\n                    setTimeout(show_notification, initial_delay * 1000);\n                }\n            <\/script>\n            <\/div>\n\t\t\t\t\t\t<\/div>\n\t\t\t\t<\/div>\n\t\t\t\t\t<\/div>\n\t\t\t\t<\/div>\n\t\t\t\t<\/div>\n\t\t","protected":false},"excerpt":{"rendered":"<p>Oferta por tempo limitado N\u00e3o perca essa oportunidade! Horas Minutos Segundos COMPRA 100% SEGURA Dados Pessoais E-mail&nbsp;* Nome&nbsp;* Sobrenome&nbsp;* Celular\/WhatsApp&nbsp;* CPF&nbsp;* Observa\u00e7\u00f5es do pedido&nbsp;(opcional) Pagamento Pedagogia em Espa\u00e7os n\u00e3o Escolares Quantidade: 1 &#82;&#36;&nbsp;79,90 Subtotal &#82;&#36;&nbsp;79,90 Total &#82;&#36;&nbsp;79,90 Voc\u00ea tem um cupom? Clique aqui e coloque o cupom If you have a coupon code, please apply [&hellip;]<\/p>\n","protected":false},"author":3,"featured_media":0,"parent":0,"menu_order":0,"comment_status":"closed","ping_status":"closed","template":"elementor_canvas","meta":{"_acf_changed":false,"footnotes":""},"class_list":["post-130","page","type-page","status-publish","hentry"],"acf":[],"_links":{"self":[{"href":"https:\/\/maidou.com.br\/pagamento\/wp-json\/wp\/v2\/pages\/130","targetHints":{"allow":["GET"]}}],"collection":[{"href":"https:\/\/maidou.com.br\/pagamento\/wp-json\/wp\/v2\/pages"}],"about":[{"href":"https:\/\/maidou.com.br\/pagamento\/wp-json\/wp\/v2\/types\/page"}],"author":[{"embeddable":true,"href":"https:\/\/maidou.com.br\/pagamento\/wp-json\/wp\/v2\/users\/3"}],"replies":[{"embeddable":true,"href":"https:\/\/maidou.com.br\/pagamento\/wp-json\/wp\/v2\/comments?post=130"}],"version-history":[{"count":277,"href":"https:\/\/maidou.com.br\/pagamento\/wp-json\/wp\/v2\/pages\/130\/revisions"}],"predecessor-version":[{"id":709,"href":"https:\/\/maidou.com.br\/pagamento\/wp-json\/wp\/v2\/pages\/130\/revisions\/709"}],"wp:attachment":[{"href":"https:\/\/maidou.com.br\/pagamento\/wp-json\/wp\/v2\/media?parent=130"}],"curies":[{"name":"wp","href":"https:\/\/api.w.org\/{rel}","templated":true}]}}